{"id":814,"date":"2014-09-05T12:00:56","date_gmt":"2014-09-05T10:00:56","guid":{"rendered":"http:\/\/degre12.com\/?page_id=814"},"modified":"2024-02-29T15:36:32","modified_gmt":"2024-02-29T14:36:32","slug":"home","status":"publish","type":"page","link":"https:\/\/degre12.com\/en\/","title":{"rendered":"Home"},"content":{"rendered":"<p>[vc_row css_animation=&#8221;&#8221; row_type=&#8221;row&#8221; use_row_as_full_screen_section=&#8221;no&#8221; type=&#8221;full_width&#8221; angled_section=&#8221;no&#8221; text_align=&#8221;left&#8221; background_image_as_pattern=&#8221;without_pattern&#8221;][vc_column][\/vc_column][\/vc_row][vc_row css_animation=&#8221;&#8221; row_type=&#8221;row&#8221; use_row_as_full_screen_section=&#8221;no&#8221; type=&#8221;full_width&#8221; angled_section=&#8221;no&#8221; text_align=&#8221;left&#8221; background_image_as_pattern=&#8221;without_pattern&#8221;][vc_column width=&#8221;3\/4&#8243;][vc_column_text]<\/p>\n<h2>Degr\u00e9 12, a new vision of wine cellars&#8230;<\/h2>\n<p>[\/vc_column_text][vc_separator type=&#8221;small&#8221; position=&#8221;left&#8221;][vc_column_text]A Degr\u00e9 12 wine cellar is a harmonious, subtle communion between design, technology, know-how, innovation and craftsmanship.<br \/>\nEach project is a unique setting in which we take every possible care. Based on our twenty years\u2019 experience, absolutely everything is orchestrated by our teams, from design to production: that\u2019s our guarantee of quality. We work only with the best craftsmen and use only the best materials.<br \/>\nWhether your future wine cellar or cabinet is traditional or contemporary, in your basement or at the heart of your living area, we\u2019ll give it life beyond your hopes \u2026 and we\u2019ll make no concessions when it comes to looking after your precious bottles.<br \/>\n[\/vc_column_text][vc_separator type=&#8221;transparent&#8221; thickness=&#8221;10&#8243;][vc_row_inner row_type=&#8221;row&#8221; type=&#8221;full_width&#8221; text_align=&#8221;left&#8221; css_animation=&#8221;&#8221; css=&#8221;.vc_custom_1456500503148{margin-top: 10px !important;}&#8221;][vc_column_inner css=&#8221;.vc_custom_1456500570570{margin-top: 5px !important;}&#8221;][vc_raw_html]JTNDZGl2JTIwY2xhc3MlM0QlMjJ2aWRlby1jb250YWluZXIlMjIlM0UlMEElMEElM0NpZnJhbWUlMjB3aWR0aCUzRCUyMjgxNCUyMiUyMGhlaWdodCUzRCUyMjQ1OCUyMiUyMHNyYyUzRCUyMmh0dHBzJTNBJTJGJTJGd3d3LnlvdXR1YmUtbm9jb29raWUuY29tJTJGZW1iZWQlMkY1Z05GdzhJSlltZyUzRnJlbCUzRDAlMjZzaG93aW5mbyUzRDAlMjIlMjBmcmFtZWJvcmRlciUzRCUyMjAlMjIlMjBhbGxvd2Z1bGxzY3JlZW4lM0UlM0MlMkZpZnJhbWUlM0UlMEElMEElM0MlMkZkaXYlM0U=[\/vc_raw_html][\/vc_column_inner][\/vc_row_inner][\/vc_column][vc_column width=&#8221;1\/4&#8243;][vc_row_inner row_type=&#8221;row&#8221; type=&#8221;full_width&#8221; text_align=&#8221;left&#8221; css_animation=&#8221;&#8221;][vc_column_inner][vc_column_text]<\/p>\n<h3>Our\u00a0collections\u00a0:<\/h3>\n<p>[\/vc_column_text][vc_separator type=&#8221;small&#8221; position=&#8221;left&#8221;][\/vc_column_inner][\/vc_row_inner][vc_row_inner row_type=&#8221;row&#8221; type=&#8221;full_width&#8221; text_align=&#8221;left&#8221; css_animation=&#8221;&#8221;][vc_column_inner][vc_column_text]<\/p>\n<h6>Classic<\/h6>\n<p>[\/vc_column_text][vc_gallery type=&#8221;image_grid&#8221; images=&#8221;3749&#8243; img_size=&#8221;large&#8221; onclick=&#8221;custom_link&#8221; column_number=&#8221;1&#8243; grayscale=&#8221;yes&#8221; images_space=&#8221;gallery_without_space&#8221; custom_links=&#8221;\/en\/our-collections\/classic\/&#8221;][vc_column_text]<\/p>\n<h6>XL-Sliding<\/h6>\n<p>[\/vc_column_text][vc_gallery type=&#8221;image_grid&#8221; images=&#8221;3585&#8243; img_size=&#8221;large&#8221; onclick=&#8221;custom_link&#8221; column_number=&#8221;1&#8243; grayscale=&#8221;yes&#8221; images_space=&#8221;gallery_without_space&#8221; custom_links=&#8221;\/en\/our-collections\/sliding\/&#8221;][vc_column_text]<\/p>\n<h6>Gravity<\/h6>\n<p>[\/vc_column_text][vc_gallery type=&#8221;image_grid&#8221; images=&#8221;3579&#8243; img_size=&#8221;large&#8221; onclick=&#8221;custom_link&#8221; column_number=&#8221;1&#8243; grayscale=&#8221;yes&#8221; images_space=&#8221;gallery_without_space&#8221; custom_links=&#8221;\/en\/our-collections\/gravity\/&#8221;][vc_column_text]<\/p>\n<h6>Tradition &#8211;\u00a0Wood<\/h6>\n<p>[\/vc_column_text][vc_gallery type=&#8221;image_grid&#8221; images=&#8221;3588&#8243; img_size=&#8221;large&#8221; onclick=&#8221;custom_link&#8221; column_number=&#8221;1&#8243; grayscale=&#8221;yes&#8221; images_space=&#8221;gallery_without_space&#8221; custom_links=&#8221;\/en\/our-collections\/tradition-wood\/&#8221;][\/vc_column_inner][\/vc_row_inner][\/vc_column][\/vc_row][vc_row css_animation=&#8221;&#8221; row_type=&#8221;row&#8221; use_row_as_full_screen_section=&#8221;no&#8221; type=&#8221;full_width&#8221; angled_section=&#8221;no&#8221; text_align=&#8221;left&#8221; background_image_as_pattern=&#8221;without_pattern&#8221;][vc_column][vc_column_text]<\/p>\n<p>&nbsp;<\/p>\n<p>[\/vc_column_text][\/vc_column][\/vc_row][vc_row css_animation=&#8221;&#8221; row_type=&#8221;row&#8221; use_row_as_full_screen_section=&#8221;no&#8221; type=&#8221;full_width&#8221; angled_section=&#8221;no&#8221; text_align=&#8221;left&#8221; background_image_as_pattern=&#8221;without_pattern&#8221;][vc_column][vc_separator type=&#8221;transparent&#8221; thickness=&#8221;20&#8243;][\/vc_column][\/vc_row][vc_row css_animation=&#8221;&#8221; row_type=&#8221;row&#8221; use_row_as_full_screen_section=&#8221;no&#8221; type=&#8221;full_width&#8221; angled_section=&#8221;no&#8221; text_align=&#8221;left&#8221; background_image_as_pattern=&#8221;without_pattern&#8221; background_color=&#8221;#bcbcbc&#8221; css=&#8221;.vc_custom_1411139067860{background-color: #c6c6c6 !important;}&#8221;][\/vc_row][vc_column][\/vc_column][vc_column_text]<\/p>\n<h3>Our latest projects&#8230;<\/h3>\n<p>[\/vc_column_text][vc_column_inner][vc_separator type=&#8221;small&#8221; position=&#8221;left&#8221;]<div class='projects_holder_outer v3 portfolio_with_space portfolio_with_hover_text'><div class='projects_holder portfolio_main_holder clearfix v3 hover_text portfolio_full_image '>\n<article class='mix portfolio_category_127 portfolio_category_129 ' style=''><div class='image_holder'><a itemprop='url' class='portfolio_link_for_touch' href='https:\/\/degre12.com\/en\/projet\/bespoke-wine-cellar-gravity-et-xl-sliding-spain-2025\/' target='_self'><span class='image'><img width=\"940\" height=\"504\" src=\"https:\/\/degre12.com\/wp-content\/uploads\/Wine-cellar-gravity-sliding-spain2025-1.jpg\" class=\"attachment-full size-full wp-post-image\" alt=\"Cave \u00e0 vin sur mesure en acier noir avec \u00e9clairage LED \u2013 mod\u00e8le Gravity et Sliding\" decoding=\"async\" loading=\"lazy\" srcset=\"https:\/\/degre12.com\/wp-content\/uploads\/Wine-cellar-gravity-sliding-spain2025-1.jpg 940w, https:\/\/degre12.com\/wp-content\/uploads\/Wine-cellar-gravity-sliding-spain2025-1-300x161.jpg 300w, https:\/\/degre12.com\/wp-content\/uploads\/Wine-cellar-gravity-sliding-spain2025-1-768x412.jpg 768w, https:\/\/degre12.com\/wp-content\/uploads\/Wine-cellar-gravity-sliding-spain2025-1-700x375.jpg 700w\" sizes=\"(max-width: 940px) 100vw, 940px\" \/><\/span><\/a><span class='text_holder'><span class='text_outer'><span class='text_inner'><div class=\"hover_feature_holder_title\"><div class=\"hover_feature_holder_title_inner\"><h5 itemprop=\"name\" class=\"portfolio_title entry_title\"><a itemprop=\"url\" href=\"https:\/\/degre12.com\/en\/projet\/bespoke-wine-cellar-gravity-et-xl-sliding-spain-2025\/\"  target=\"_self\">Bespoke wine cellar &#8220;Gravity&#8221; &#038; &#8220;XL-Sliding&#8221;<br \/>Spain 2025<\/a><\/h5><span class=\"project_category\" >Gravity, Sliding\/XL<\/span><\/div><\/div><span class='feature_holder'><span class=\"feature_holder_icons\"><a itemprop='url' class='preview qbutton small white' href='https:\/\/degre12.com\/en\/projet\/bespoke-wine-cellar-gravity-et-xl-sliding-spain-2025\/' target='_self'>view<\/a><\/span><\/span><\/span><\/span><\/span><\/div><\/article>\n<article class='mix portfolio_category_127 portfolio_category_129 ' style=''><div class='image_holder'><a itemprop='url' class='portfolio_link_for_touch' href='https:\/\/degre12.com\/en\/projet\/bespoke-wine-cellar-gravity-et-xlverbier-2024\/' target='_self'><span class='image'><img width=\"940\" height=\"504\" src=\"https:\/\/degre12.com\/wp-content\/uploads\/cave-a-vin-sur-mesure-verbier-2024-3.jpg\" class=\"attachment-full size-full wp-post-image\" alt=\"Cave \u00e0 vin vitr\u00e9e sur mesure en acier avec \u00e9clairage LED \u2013 mod\u00e8le Gravity et Sliding \u00e0 Verbier\" decoding=\"async\" loading=\"lazy\" srcset=\"https:\/\/degre12.com\/wp-content\/uploads\/cave-a-vin-sur-mesure-verbier-2024-3.jpg 940w, https:\/\/degre12.com\/wp-content\/uploads\/cave-a-vin-sur-mesure-verbier-2024-3-300x161.jpg 300w, https:\/\/degre12.com\/wp-content\/uploads\/cave-a-vin-sur-mesure-verbier-2024-3-768x412.jpg 768w, https:\/\/degre12.com\/wp-content\/uploads\/cave-a-vin-sur-mesure-verbier-2024-3-700x375.jpg 700w\" sizes=\"(max-width: 940px) 100vw, 940px\" \/><\/span><\/a><span class='text_holder'><span class='text_outer'><span class='text_inner'><div class=\"hover_feature_holder_title\"><div class=\"hover_feature_holder_title_inner\"><h5 itemprop=\"name\" class=\"portfolio_title entry_title\"><a itemprop=\"url\" href=\"https:\/\/degre12.com\/en\/projet\/bespoke-wine-cellar-gravity-et-xlverbier-2024\/\"  target=\"_self\">Bespoke wine cellar &#8220;Gravity&#8221; &#038; &#8220;XL&#8221;<br \/>Verbier 2024<\/a><\/h5><span class=\"project_category\" >Gravity, Sliding\/XL<\/span><\/div><\/div><span class='feature_holder'><span class=\"feature_holder_icons\"><a itemprop='url' class='preview qbutton small white' href='https:\/\/degre12.com\/en\/projet\/bespoke-wine-cellar-gravity-et-xlverbier-2024\/' target='_self'>view<\/a><\/span><\/span><\/span><\/span><\/span><\/div><\/article>\n<article class='mix portfolio_category_126 portfolio_category_127 ' style=''><div class='image_holder'><a itemprop='url' class='portfolio_link_for_touch' href='https:\/\/degre12.com\/en\/projet\/classic-gravity-wine-cellar-castle-in-mozelle-2024\/' target='_self'><span class='image'><img width=\"940\" height=\"504\" src=\"https:\/\/degre12.com\/wp-content\/uploads\/cave-a-vin-classic-chateau-1.jpg\" class=\"attachment-full size-full wp-post-image\" alt=\"Cave \u00e0 vin vitr\u00e9e sur mesure en acier avec \u00e9clairage LED \u2013 mod\u00e8le Gravity et Classic - Moselle\" decoding=\"async\" loading=\"lazy\" srcset=\"https:\/\/degre12.com\/wp-content\/uploads\/cave-a-vin-classic-chateau-1.jpg 940w, https:\/\/degre12.com\/wp-content\/uploads\/cave-a-vin-classic-chateau-1-300x161.jpg 300w, https:\/\/degre12.com\/wp-content\/uploads\/cave-a-vin-classic-chateau-1-768x412.jpg 768w, https:\/\/degre12.com\/wp-content\/uploads\/cave-a-vin-classic-chateau-1-700x375.jpg 700w\" sizes=\"(max-width: 940px) 100vw, 940px\" \/><\/span><\/a><span class='text_holder'><span class='text_outer'><span class='text_inner'><div class=\"hover_feature_holder_title\"><div class=\"hover_feature_holder_title_inner\"><h5 itemprop=\"name\" class=\"portfolio_title entry_title\"><a itemprop=\"url\" href=\"https:\/\/degre12.com\/en\/projet\/classic-gravity-wine-cellar-castle-in-mozelle-2024\/\"  target=\"_self\">&#8220;Classic&#8221; &#038; &#8220;Gravity&#8221; wine cellar &#8211; Castle in Mozelle 2024<\/a><\/h5><span class=\"project_category\" >Classic, Gravity<\/span><\/div><\/div><span class='feature_holder'><span class=\"feature_holder_icons\"><a itemprop='url' class='preview qbutton small white' href='https:\/\/degre12.com\/en\/projet\/classic-gravity-wine-cellar-castle-in-mozelle-2024\/' target='_self'>view<\/a><\/span><\/span><\/span><\/span><\/span><\/div><\/article>\n<div class='filler'><\/div>\n<div class='filler'><\/div>\n<div class='filler'><\/div>\n<\/div><\/div>[vc_row_inner row_type=&#8221;row&#8221; type=&#8221;full_width&#8221; text_align=&#8221;left&#8221; css_animation=&#8221;&#8221;][\/vc_row_inner][vc_column_inner][\/vc_column_inner]<\/p>\n","protected":false},"excerpt":{"rendered":"<p>[vc_row css_animation=&#8221;&#8221; row_type=&#8221;row&#8221; use_row_as_full_screen_section=&#8221;no&#8221; type=&#8221;full_width&#8221; angled_section=&#8221;no&#8221; text_align=&#8221;left&#8221; background_image_as_pattern=&#8221;without_pattern&#8221;][vc_column][\/vc_column][\/vc_row][vc_row css_animation=&#8221;&#8221; row_type=&#8221;row&#8221; use_row_as_full_screen_section=&#8221;no&#8221; type=&#8221;full_width&#8221; angled_section=&#8221;no&#8221; text_align=&#8221;left&#8221; background_image_as_pattern=&#8221;without_pattern&#8221;][vc_column width=&#8221;3\/4&#8243;][vc_column_text] Degr\u00e9 12, a new vision of wine cellars&#8230; [\/vc_column_text][vc_separator type=&#8221;small&#8221; position=&#8221;left&#8221;][vc_column_text]A Degr\u00e9 12 wine cellar is a harmonious, subtle communion between design, technology, know-how, innovation and craftsmanship. Each project&#8230;<\/p>\n","protected":false},"author":3,"featured_media":0,"parent":0,"menu_order":0,"comment_status":"open","ping_status":"open","template":"","meta":[],"yoast_head":"<!-- This site is optimized with the Yoast SEO plugin v20.2.1 - https:\/\/yoast.com\/wordpress\/plugins\/seo\/ -->\n<title>Degr\u00e9 12 - A new vision of wine cellars<\/title>\n<meta name=\"description\" content=\"Degr\u00e9 12 conceives and builds bespoke wine cabinets, wine cellars and wine rooms to meet any of your needs or realize your dream wine storage.\" \/>\n<meta name=\"robots\" content=\"index, follow, max-snippet:-1, max-image-preview:large, max-video-preview:-1\" \/>\n<link rel=\"canonical\" href=\"https:\/\/degre12.com\/en\/\" \/>\n<meta property=\"og:locale\" content=\"en_US\" \/>\n<meta property=\"og:type\" content=\"article\" \/>\n<meta property=\"og:title\" content=\"Degr\u00e9 12 - A new vision of wine cellars\" \/>\n<meta property=\"og:description\" content=\"Degr\u00e9 12 conceives and builds bespoke wine cabinets, wine cellars and wine rooms to meet any of your needs or realize your dream wine storage.\" \/>\n<meta property=\"og:url\" content=\"https:\/\/degre12.com\/en\/\" \/>\n<meta property=\"og:site_name\" content=\"Degr\u00e9 12\" \/>\n<meta property=\"article:publisher\" content=\"https:\/\/www.facebook.com\/Degre12\/\" \/>\n<meta property=\"article:modified_time\" content=\"2024-02-29T14:36:32+00:00\" \/>\n<meta name=\"twitter:label1\" content=\"Est. reading time\" \/>\n\t<meta name=\"twitter:data1\" content=\"2 minutes\" \/>\n<script type=\"application\/ld+json\" class=\"yoast-schema-graph\">{\"@context\":\"https:\/\/schema.org\",\"@graph\":[{\"@type\":\"WebPage\",\"@id\":\"https:\/\/degre12.com\/en\/\",\"url\":\"https:\/\/degre12.com\/en\/\",\"name\":\"Degr\u00e9 12 - A new vision of wine cellars\",\"isPartOf\":{\"@id\":\"https:\/\/degre12.com\/#website\"},\"datePublished\":\"2014-09-05T10:00:56+00:00\",\"dateModified\":\"2024-02-29T14:36:32+00:00\",\"description\":\"Degr\u00e9 12 conceives and builds bespoke wine cabinets, wine cellars and wine rooms to meet any of your needs or realize your dream wine storage.\",\"breadcrumb\":{\"@id\":\"https:\/\/degre12.com\/en\/#breadcrumb\"},\"inLanguage\":\"en-US\",\"potentialAction\":[{\"@type\":\"ReadAction\",\"target\":[\"https:\/\/degre12.com\/en\/\"]}]},{\"@type\":\"BreadcrumbList\",\"@id\":\"https:\/\/degre12.com\/en\/#breadcrumb\",\"itemListElement\":[{\"@type\":\"ListItem\",\"position\":1,\"name\":\"Accueil\",\"item\":\"https:\/\/degre12.com\/en\/\"},{\"@type\":\"ListItem\",\"position\":2,\"name\":\"Home\"}]},{\"@type\":\"WebSite\",\"@id\":\"https:\/\/degre12.com\/#website\",\"url\":\"https:\/\/degre12.com\/\",\"name\":\"Degr\u00e9 12\",\"description\":\"A new vision of wine cellars\",\"publisher\":{\"@id\":\"https:\/\/degre12.com\/#organization\"},\"potentialAction\":[{\"@type\":\"SearchAction\",\"target\":{\"@type\":\"EntryPoint\",\"urlTemplate\":\"https:\/\/degre12.com\/?s={search_term_string}\"},\"query-input\":\"required name=search_term_string\"}],\"inLanguage\":\"en-US\"},{\"@type\":\"Organization\",\"@id\":\"https:\/\/degre12.com\/#organization\",\"name\":\"Degr\u00e9 12 SPRL\",\"url\":\"https:\/\/degre12.com\/\",\"logo\":{\"@type\":\"ImageObject\",\"inLanguage\":\"en-US\",\"@id\":\"https:\/\/degre12.com\/#\/schema\/logo\/image\/\",\"url\":\"https:\/\/degre12.com\/wp-content\/uploads\/logo.png\",\"contentUrl\":\"https:\/\/degre12.com\/wp-content\/uploads\/logo.png\",\"width\":85,\"height\":95,\"caption\":\"Degr\u00e9 12 SPRL\"},\"image\":{\"@id\":\"https:\/\/degre12.com\/#\/schema\/logo\/image\/\"},\"sameAs\":[\"https:\/\/www.facebook.com\/Degre12\/\",\"https:\/\/www.linkedin.com\/company\/degr\u00e9-12-sprl\",\"https:\/\/uk.pinterest.com\/degre12\/\",\"https:\/\/www.youtube.com\/channel\/UCYDodkzqpuIIEJcSExk3eIg\"]}]}<\/script>\n<!-- \/ Yoast SEO plugin. -->","yoast_head_json":{"title":"Degr\u00e9 12 - A new vision of wine cellars","description":"Degr\u00e9 12 conceives and builds bespoke wine cabinets, wine cellars and wine rooms to meet any of your needs or realize your dream wine storage.","robots":{"index":"index","follow":"follow","max-snippet":"max-snippet:-1","max-image-preview":"max-image-preview:large","max-video-preview":"max-video-preview:-1"},"canonical":"https:\/\/degre12.com\/en\/","og_locale":"en_US","og_type":"article","og_title":"Degr\u00e9 12 - A new vision of wine cellars","og_description":"Degr\u00e9 12 conceives and builds bespoke wine cabinets, wine cellars and wine rooms to meet any of your needs or realize your dream wine storage.","og_url":"https:\/\/degre12.com\/en\/","og_site_name":"Degr\u00e9 12","article_publisher":"https:\/\/www.facebook.com\/Degre12\/","article_modified_time":"2024-02-29T14:36:32+00:00","twitter_misc":{"Est. reading time":"2 minutes"},"schema":{"@context":"https:\/\/schema.org","@graph":[{"@type":"WebPage","@id":"https:\/\/degre12.com\/en\/","url":"https:\/\/degre12.com\/en\/","name":"Degr\u00e9 12 - A new vision of wine cellars","isPartOf":{"@id":"https:\/\/degre12.com\/#website"},"datePublished":"2014-09-05T10:00:56+00:00","dateModified":"2024-02-29T14:36:32+00:00","description":"Degr\u00e9 12 conceives and builds bespoke wine cabinets, wine cellars and wine rooms to meet any of your needs or realize your dream wine storage.","breadcrumb":{"@id":"https:\/\/degre12.com\/en\/#breadcrumb"},"inLanguage":"en-US","potentialAction":[{"@type":"ReadAction","target":["https:\/\/degre12.com\/en\/"]}]},{"@type":"BreadcrumbList","@id":"https:\/\/degre12.com\/en\/#breadcrumb","itemListElement":[{"@type":"ListItem","position":1,"name":"Accueil","item":"https:\/\/degre12.com\/en\/"},{"@type":"ListItem","position":2,"name":"Home"}]},{"@type":"WebSite","@id":"https:\/\/degre12.com\/#website","url":"https:\/\/degre12.com\/","name":"Degr\u00e9 12","description":"A new vision of wine cellars","publisher":{"@id":"https:\/\/degre12.com\/#organization"},"potentialAction":[{"@type":"SearchAction","target":{"@type":"EntryPoint","urlTemplate":"https:\/\/degre12.com\/?s={search_term_string}"},"query-input":"required name=search_term_string"}],"inLanguage":"en-US"},{"@type":"Organization","@id":"https:\/\/degre12.com\/#organization","name":"Degr\u00e9 12 SPRL","url":"https:\/\/degre12.com\/","logo":{"@type":"ImageObject","inLanguage":"en-US","@id":"https:\/\/degre12.com\/#\/schema\/logo\/image\/","url":"https:\/\/degre12.com\/wp-content\/uploads\/logo.png","contentUrl":"https:\/\/degre12.com\/wp-content\/uploads\/logo.png","width":85,"height":95,"caption":"Degr\u00e9 12 SPRL"},"image":{"@id":"https:\/\/degre12.com\/#\/schema\/logo\/image\/"},"sameAs":["https:\/\/www.facebook.com\/Degre12\/","https:\/\/www.linkedin.com\/company\/degr\u00e9-12-sprl","https:\/\/uk.pinterest.com\/degre12\/","https:\/\/www.youtube.com\/channel\/UCYDodkzqpuIIEJcSExk3eIg"]}]}},"_links":{"self":[{"href":"https:\/\/degre12.com\/en\/wp-json\/wp\/v2\/pages\/814"}],"collection":[{"href":"https:\/\/degre12.com\/en\/wp-json\/wp\/v2\/pages"}],"about":[{"href":"https:\/\/degre12.com\/en\/wp-json\/wp\/v2\/types\/page"}],"author":[{"embeddable":true,"href":"https:\/\/degre12.com\/en\/wp-json\/wp\/v2\/users\/3"}],"replies":[{"embeddable":true,"href":"https:\/\/degre12.com\/en\/wp-json\/wp\/v2\/comments?post=814"}],"version-history":[{"count":24,"href":"https:\/\/degre12.com\/en\/wp-json\/wp\/v2\/pages\/814\/revisions"}],"predecessor-version":[{"id":4326,"href":"https:\/\/degre12.com\/en\/wp-json\/wp\/v2\/pages\/814\/revisions\/4326"}],"wp:attachment":[{"href":"https:\/\/degre12.com\/en\/wp-json\/wp\/v2\/media?parent=814"}],"curies":[{"name":"wp","href":"https:\/\/api.w.org\/{rel}","templated":true}]}}