{"id":745,"date":"2014-07-17T10:53:56","date_gmt":"2014-07-17T08:53:56","guid":{"rendered":"http:\/\/degre12.com\/?page_id=745"},"modified":"2024-02-29T15:38:11","modified_gmt":"2024-02-29T14:38:11","slug":"home","status":"publish","type":"page","link":"https:\/\/degre12.com\/nl\/","title":{"rendered":"Home"},"content":{"rendered":"<p>[vc_row css_animation=&#8221;&#8221; row_type=&#8221;row&#8221; use_row_as_full_screen_section=&#8221;no&#8221; type=&#8221;full_width&#8221; angled_section=&#8221;no&#8221; text_align=&#8221;left&#8221; background_image_as_pattern=&#8221;without_pattern&#8221;][vc_column][\/vc_column][\/vc_row][vc_row css_animation=&#8221;&#8221; row_type=&#8221;row&#8221; use_row_as_full_screen_section=&#8221;no&#8221; type=&#8221;full_width&#8221; angled_section=&#8221;no&#8221; text_align=&#8221;left&#8221; background_image_as_pattern=&#8221;without_pattern&#8221;][vc_column width=&#8221;3\/4&#8243;][vc_column_text]<\/p>\n<h2>Degr\u00e9 12, een nieuwe kijk op de wijnkelder&#8230;<\/h2>\n<p>[\/vc_column_text][vc_separator type=&#8221;small&#8221; position=&#8221;left&#8221;][vc_column_text]De wijnkelder van Degr\u00e9 12 is een harmonieuze en subtiele combinatie van design, technologie, kennis, innovatie en vakmanschap.<br \/>\nElk project is een unieke setting die met de grootste zorg en nauwkeurigheid wordt uitgevoerd. Met twintig jaar ervaring zijn onze teams in staat alles te realiseren, van het ontwerp tot de realisatie: dit is onze kwaliteitsgarantie. Wij werken alleen met de beste vakmensen en de allerbeste materialen.<br \/>\nOf uw toekomstige wijnkelder of wijnkast nu traditioneel of hedendaags is, of deze nu dient te worden ingericht in de kelder of als deel van uw leefruimte, we zullen hem vorm geven en uw verwachtingen overstijgen &#8230; zonder in te boeten op de optimale bewaring van uw kostbare flessen.[\/vc_column_text][vc_separator type=&#8221;transparent&#8221; thickness=&#8221;10&#8243;][vc_row_inner row_type=&#8221;row&#8221; type=&#8221;full_width&#8221; text_align=&#8221;left&#8221; css_animation=&#8221;&#8221; css=&#8221;.vc_custom_1456500503148{margin-top: 15px !important;}&#8221;][vc_column_inner css=&#8221;.vc_custom_1456500570570{margin-top: 0px !important;}&#8221;][vc_raw_html]JTNDZGl2JTIwY2xhc3MlM0QlMjJ2aWRlby1jb250YWluZXIlMjIlM0UlMEElMEElM0NpZnJhbWUlMjB3aWR0aCUzRCUyMjgxNCUyMiUyMGhlaWdodCUzRCUyMjQ1OCUyMiUyMHNyYyUzRCUyMmh0dHBzJTNBJTJGJTJGd3d3LnlvdXR1YmUtbm9jb29raWUuY29tJTJGZW1iZWQlMkZmc3pHdEVfNG1NayUzRnJlbCUzRDAlMjZzaG93aW5mbyUzRDAlMjIlMjBmcmFtZWJvcmRlciUzRCUyMjAlMjIlMjBhbGxvd2Z1bGxzY3JlZW4lM0UlM0MlMkZpZnJhbWUlM0UlMEElMEElM0MlMkZkaXYlM0U=[\/vc_raw_html][\/vc_column_inner][\/vc_row_inner][\/vc_column][vc_column width=&#8221;1\/4&#8243;][vc_row_inner row_type=&#8221;row&#8221; type=&#8221;full_width&#8221; text_align=&#8221;left&#8221; css_animation=&#8221;&#8221;][vc_column_inner][vc_column_text]<\/p>\n<h3>Onze collecties\u00a0:<\/h3>\n<p>[\/vc_column_text][vc_separator type=&#8221;small&#8221; position=&#8221;left&#8221;][\/vc_column_inner][\/vc_row_inner][vc_row_inner row_type=&#8221;row&#8221; type=&#8221;full_width&#8221; text_align=&#8221;left&#8221; css_animation=&#8221;&#8221;][vc_column_inner][vc_column_text]<\/p>\n<h6>Classic<\/h6>\n<p>[\/vc_column_text][vc_gallery type=&#8221;image_grid&#8221; images=&#8221;3749&#8243; img_size=&#8221;large&#8221; onclick=&#8221;custom_link&#8221; column_number=&#8221;1&#8243; grayscale=&#8221;yes&#8221; images_space=&#8221;gallery_without_space&#8221; custom_links=&#8221;\/nl\/onze-collecties\/classic\/&#8221;][vc_column_text]<\/p>\n<h6>XL-Sliding<\/h6>\n<p>[\/vc_column_text][vc_gallery type=&#8221;image_grid&#8221; images=&#8221;3585&#8243; img_size=&#8221;large&#8221; onclick=&#8221;custom_link&#8221; column_number=&#8221;1&#8243; grayscale=&#8221;yes&#8221; images_space=&#8221;gallery_without_space&#8221; custom_links=&#8221;\/nl\/onze-collecties\/sliding\/&#8221;][vc_column_text]<\/p>\n<h6>Gravity<\/h6>\n<p>[\/vc_column_text][vc_gallery type=&#8221;image_grid&#8221; images=&#8221;3579&#8243; img_size=&#8221;large&#8221; onclick=&#8221;custom_link&#8221; column_number=&#8221;1&#8243; grayscale=&#8221;yes&#8221; images_space=&#8221;gallery_without_space&#8221; custom_links=&#8221;\/nl\/onze-collecties\/gravity\/&#8221;][vc_column_text]<\/p>\n<h6>Tradition &#8211;\u00a0Hout<\/h6>\n<p>[\/vc_column_text][vc_gallery type=&#8221;image_grid&#8221; images=&#8221;3588&#8243; img_size=&#8221;large&#8221; onclick=&#8221;custom_link&#8221; column_number=&#8221;1&#8243; grayscale=&#8221;yes&#8221; images_space=&#8221;gallery_without_space&#8221; custom_links=&#8221;\/nl\/onze-collecties\/tradition-hout\/&#8221;][\/vc_column_inner][\/vc_row_inner][\/vc_column][\/vc_row][vc_row css_animation=&#8221;&#8221; row_type=&#8221;row&#8221; use_row_as_full_screen_section=&#8221;no&#8221; type=&#8221;full_width&#8221; angled_section=&#8221;no&#8221; text_align=&#8221;left&#8221; background_image_as_pattern=&#8221;without_pattern&#8221;][vc_column][vc_column_text]<\/p>\n<p>&nbsp;<\/p>\n<p>[\/vc_column_text][\/vc_column][\/vc_row][vc_row css_animation=&#8221;&#8221; row_type=&#8221;row&#8221; use_row_as_full_screen_section=&#8221;no&#8221; type=&#8221;full_width&#8221; angled_section=&#8221;no&#8221; text_align=&#8221;left&#8221; background_image_as_pattern=&#8221;without_pattern&#8221;][vc_column][vc_separator type=&#8221;transparent&#8221; thickness=&#8221;20&#8243;][\/vc_column][\/vc_row][vc_row css_animation=&#8221;&#8221; row_type=&#8221;row&#8221; use_row_as_full_screen_section=&#8221;no&#8221; type=&#8221;full_width&#8221; angled_section=&#8221;no&#8221; text_align=&#8221;left&#8221; background_image_as_pattern=&#8221;without_pattern&#8221; background_color=&#8221;#bcbcbc&#8221; css=&#8221;.vc_custom_1411139067860{background-color: #c6c6c6 !important;}&#8221;][\/vc_row][vc_column][\/vc_column][vc_column_text]<\/p>\n<h3 style=\"text-align: left;\">Recente projecten&#8230;<\/h3>\n<p>[\/vc_column_text][vc_column_inner][vc_separator type=&#8221;small&#8221; position=&#8221;left&#8221;]<div class='projects_holder_outer v3 portfolio_with_space portfolio_with_hover_text'><div class='projects_holder portfolio_main_holder clearfix v3 hover_text portfolio_full_image '>\n<article class='mix portfolio_category_101 portfolio_category_104 ' style=''><div class='image_holder'><a itemprop='url' class='portfolio_link_for_touch' href='https:\/\/degre12.com\/nl\/projet\/op-maat-wijnkelder-gravity-xl-sliding-spanje-2025\/' target='_self'><span class='image'><img width=\"940\" height=\"504\" src=\"https:\/\/degre12.com\/wp-content\/uploads\/Wine-cellar-gravity-sliding-spain2025-1.jpg\" class=\"attachment-full size-full wp-post-image\" alt=\"Cave \u00e0 vin sur mesure en acier noir avec \u00e9clairage LED \u2013 mod\u00e8le Gravity et Sliding\" decoding=\"async\" loading=\"lazy\" srcset=\"https:\/\/degre12.com\/wp-content\/uploads\/Wine-cellar-gravity-sliding-spain2025-1.jpg 940w, https:\/\/degre12.com\/wp-content\/uploads\/Wine-cellar-gravity-sliding-spain2025-1-300x161.jpg 300w, https:\/\/degre12.com\/wp-content\/uploads\/Wine-cellar-gravity-sliding-spain2025-1-768x412.jpg 768w, https:\/\/degre12.com\/wp-content\/uploads\/Wine-cellar-gravity-sliding-spain2025-1-700x375.jpg 700w\" sizes=\"(max-width: 940px) 100vw, 940px\" \/><\/span><\/a><span class='text_holder'><span class='text_outer'><span class='text_inner'><div class=\"hover_feature_holder_title\"><div class=\"hover_feature_holder_title_inner\"><h5 itemprop=\"name\" class=\"portfolio_title entry_title\"><a itemprop=\"url\" href=\"https:\/\/degre12.com\/nl\/projet\/op-maat-wijnkelder-gravity-xl-sliding-spanje-2025\/\"  target=\"_self\">Op maat wijnkelder &#8220;Gravity&#8221; &#038; &#8220;XL-Sliding&#8221;<br \/>Spanje 2025<\/a><\/h5><span class=\"project_category\" >Gravity, Sliding\/XL<\/span><\/div><\/div><span class='feature_holder'><span class=\"feature_holder_icons\"><a itemprop='url' class='preview qbutton small white' href='https:\/\/degre12.com\/nl\/projet\/op-maat-wijnkelder-gravity-xl-sliding-spanje-2025\/' target='_self'>Details zien<\/a><\/span><\/span><\/span><\/span><\/span><\/div><\/article>\n<article class='mix portfolio_category_101 portfolio_category_104 ' style=''><div class='image_holder'><a itemprop='url' class='portfolio_link_for_touch' href='https:\/\/degre12.com\/nl\/projet\/op-maat-wijnkelder-gravity-et-xlverbier-2024\/' target='_self'><span class='image'><img width=\"940\" height=\"504\" src=\"https:\/\/degre12.com\/wp-content\/uploads\/cave-a-vin-sur-mesure-verbier-2024-3.jpg\" class=\"attachment-full size-full wp-post-image\" alt=\"Cave \u00e0 vin vitr\u00e9e sur mesure en acier avec \u00e9clairage LED \u2013 mod\u00e8le Gravity et Sliding \u00e0 Verbier\" decoding=\"async\" loading=\"lazy\" srcset=\"https:\/\/degre12.com\/wp-content\/uploads\/cave-a-vin-sur-mesure-verbier-2024-3.jpg 940w, https:\/\/degre12.com\/wp-content\/uploads\/cave-a-vin-sur-mesure-verbier-2024-3-300x161.jpg 300w, https:\/\/degre12.com\/wp-content\/uploads\/cave-a-vin-sur-mesure-verbier-2024-3-768x412.jpg 768w, https:\/\/degre12.com\/wp-content\/uploads\/cave-a-vin-sur-mesure-verbier-2024-3-700x375.jpg 700w\" sizes=\"(max-width: 940px) 100vw, 940px\" \/><\/span><\/a><span class='text_holder'><span class='text_outer'><span class='text_inner'><div class=\"hover_feature_holder_title\"><div class=\"hover_feature_holder_title_inner\"><h5 itemprop=\"name\" class=\"portfolio_title entry_title\"><a itemprop=\"url\" href=\"https:\/\/degre12.com\/nl\/projet\/op-maat-wijnkelder-gravity-et-xlverbier-2024\/\"  target=\"_self\">Op maat wijnkelder &#8220;Gravity&#8221; &#038; &#8220;XL&#8221;<br \/>Verbier 2024<\/a><\/h5><span class=\"project_category\" >Gravity, Sliding\/XL<\/span><\/div><\/div><span class='feature_holder'><span class=\"feature_holder_icons\"><a itemprop='url' class='preview qbutton small white' href='https:\/\/degre12.com\/nl\/projet\/op-maat-wijnkelder-gravity-et-xlverbier-2024\/' target='_self'>Details zien<\/a><\/span><\/span><\/span><\/span><\/span><\/div><\/article>\n<article class='mix portfolio_category_99 portfolio_category_101 ' style=''><div class='image_holder'><a itemprop='url' class='portfolio_link_for_touch' href='https:\/\/degre12.com\/nl\/projet\/classic-et-gravity-wijnkelder-kasteel-in-moezel-2024\/' target='_self'><span class='image'><img width=\"940\" height=\"504\" src=\"https:\/\/degre12.com\/wp-content\/uploads\/cave-a-vin-classic-chateau-1.jpg\" class=\"attachment-full size-full wp-post-image\" alt=\"Cave \u00e0 vin vitr\u00e9e sur mesure en acier avec \u00e9clairage LED \u2013 mod\u00e8le Gravity et Classic - Moselle\" decoding=\"async\" loading=\"lazy\" srcset=\"https:\/\/degre12.com\/wp-content\/uploads\/cave-a-vin-classic-chateau-1.jpg 940w, https:\/\/degre12.com\/wp-content\/uploads\/cave-a-vin-classic-chateau-1-300x161.jpg 300w, https:\/\/degre12.com\/wp-content\/uploads\/cave-a-vin-classic-chateau-1-768x412.jpg 768w, https:\/\/degre12.com\/wp-content\/uploads\/cave-a-vin-classic-chateau-1-700x375.jpg 700w\" sizes=\"(max-width: 940px) 100vw, 940px\" \/><\/span><\/a><span class='text_holder'><span class='text_outer'><span class='text_inner'><div class=\"hover_feature_holder_title\"><div class=\"hover_feature_holder_title_inner\"><h5 itemprop=\"name\" class=\"portfolio_title entry_title\"><a itemprop=\"url\" href=\"https:\/\/degre12.com\/nl\/projet\/classic-et-gravity-wijnkelder-kasteel-in-moezel-2024\/\"  target=\"_self\">&#8220;Classic&#8221; et &#8220;Gravity&#8221; Wijnkelder &#8211; Kasteel in Moezel 2024<\/a><\/h5><span class=\"project_category\" >Classic, Gravity<\/span><\/div><\/div><span class='feature_holder'><span class=\"feature_holder_icons\"><a itemprop='url' class='preview qbutton small white' href='https:\/\/degre12.com\/nl\/projet\/classic-et-gravity-wijnkelder-kasteel-in-moezel-2024\/' target='_self'>Details zien<\/a><\/span><\/span><\/span><\/span><\/span><\/div><\/article>\n<div class='filler'><\/div>\n<div class='filler'><\/div>\n<div class='filler'><\/div>\n<\/div><\/div>[vc_row_inner row_type=&#8221;row&#8221; type=&#8221;full_width&#8221; text_align=&#8221;left&#8221; css_animation=&#8221;&#8221;][\/vc_row_inner][vc_column_inner][\/vc_column_inner]<\/p>\n","protected":false},"excerpt":{"rendered":"<p>[vc_row css_animation=&#8221;&#8221; row_type=&#8221;row&#8221; use_row_as_full_screen_section=&#8221;no&#8221; type=&#8221;full_width&#8221; angled_section=&#8221;no&#8221; text_align=&#8221;left&#8221; background_image_as_pattern=&#8221;without_pattern&#8221;][vc_column][\/vc_column][\/vc_row][vc_row css_animation=&#8221;&#8221; row_type=&#8221;row&#8221; use_row_as_full_screen_section=&#8221;no&#8221; type=&#8221;full_width&#8221; angled_section=&#8221;no&#8221; text_align=&#8221;left&#8221; background_image_as_pattern=&#8221;without_pattern&#8221;][vc_column width=&#8221;3\/4&#8243;][vc_column_text] Degr\u00e9 12, een nieuwe kijk op de wijnkelder&#8230; [\/vc_column_text][vc_separator type=&#8221;small&#8221; position=&#8221;left&#8221;][vc_column_text]De wijnkelder van Degr\u00e9 12 is een harmonieuze en subtiele combinatie van design, technologie, kennis, innovatie en vakmanschap. Elk&#8230;<\/p>\n","protected":false},"author":3,"featured_media":0,"parent":0,"menu_order":0,"comment_status":"open","ping_status":"open","template":"","meta":[],"yoast_head":"<!-- This site is optimized with the Yoast SEO plugin v20.2.1 - https:\/\/yoast.com\/wordpress\/plugins\/seo\/ -->\n<title>Degr\u00e9 12 - Een nieuwe kijk op wijnkelder<\/title>\n<meta name=\"description\" content=\"De wijnkelder van Degr\u00e9 12 is een harmonieuze en subtiele combinatie van design, technologie, kennis, innovatie en vakmanschap.\" \/>\n<meta name=\"robots\" content=\"index, follow, max-snippet:-1, max-image-preview:large, max-video-preview:-1\" \/>\n<link rel=\"canonical\" href=\"https:\/\/degre12.com\/nl\/\" \/>\n<meta property=\"og:locale\" content=\"nl_NL\" \/>\n<meta property=\"og:type\" content=\"article\" \/>\n<meta property=\"og:title\" content=\"Degr\u00e9 12 - Een nieuwe kijk op wijnkelder\" \/>\n<meta property=\"og:description\" content=\"De wijnkelder van Degr\u00e9 12 is een harmonieuze en subtiele combinatie van design, technologie, kennis, innovatie en vakmanschap.\" \/>\n<meta property=\"og:url\" content=\"https:\/\/degre12.com\/nl\/\" \/>\n<meta property=\"og:site_name\" content=\"Degr\u00e9 12\" \/>\n<meta property=\"article:publisher\" content=\"https:\/\/www.facebook.com\/Degre12\/\" \/>\n<meta property=\"article:modified_time\" content=\"2024-02-29T14:38:11+00:00\" \/>\n<meta name=\"twitter:label1\" content=\"Geschatte leestijd\" \/>\n\t<meta name=\"twitter:data1\" content=\"2 minuten\" \/>\n<script type=\"application\/ld+json\" class=\"yoast-schema-graph\">{\"@context\":\"https:\/\/schema.org\",\"@graph\":[{\"@type\":\"WebPage\",\"@id\":\"https:\/\/degre12.com\/nl\/\",\"url\":\"https:\/\/degre12.com\/nl\/\",\"name\":\"Degr\u00e9 12 - Een nieuwe kijk op wijnkelder\",\"isPartOf\":{\"@id\":\"https:\/\/degre12.com\/#website\"},\"datePublished\":\"2014-07-17T08:53:56+00:00\",\"dateModified\":\"2024-02-29T14:38:11+00:00\",\"description\":\"De wijnkelder van Degr\u00e9 12 is een harmonieuze en subtiele combinatie van design, technologie, kennis, innovatie en vakmanschap.\",\"breadcrumb\":{\"@id\":\"https:\/\/degre12.com\/nl\/#breadcrumb\"},\"inLanguage\":\"nl\",\"potentialAction\":[{\"@type\":\"ReadAction\",\"target\":[\"https:\/\/degre12.com\/nl\/\"]}]},{\"@type\":\"BreadcrumbList\",\"@id\":\"https:\/\/degre12.com\/nl\/#breadcrumb\",\"itemListElement\":[{\"@type\":\"ListItem\",\"position\":1,\"name\":\"Accueil\",\"item\":\"https:\/\/degre12.com\/nl\/\"},{\"@type\":\"ListItem\",\"position\":2,\"name\":\"Home\"}]},{\"@type\":\"WebSite\",\"@id\":\"https:\/\/degre12.com\/#website\",\"url\":\"https:\/\/degre12.com\/\",\"name\":\"Degr\u00e9 12\",\"description\":\"Een nieuwe kijk op wijnkelders\",\"publisher\":{\"@id\":\"https:\/\/degre12.com\/#organization\"},\"potentialAction\":[{\"@type\":\"SearchAction\",\"target\":{\"@type\":\"EntryPoint\",\"urlTemplate\":\"https:\/\/degre12.com\/?s={search_term_string}\"},\"query-input\":\"required name=search_term_string\"}],\"inLanguage\":\"nl\"},{\"@type\":\"Organization\",\"@id\":\"https:\/\/degre12.com\/#organization\",\"name\":\"Degr\u00e9 12 SPRL\",\"url\":\"https:\/\/degre12.com\/\",\"logo\":{\"@type\":\"ImageObject\",\"inLanguage\":\"nl\",\"@id\":\"https:\/\/degre12.com\/#\/schema\/logo\/image\/\",\"url\":\"https:\/\/degre12.com\/wp-content\/uploads\/logo.png\",\"contentUrl\":\"https:\/\/degre12.com\/wp-content\/uploads\/logo.png\",\"width\":85,\"height\":95,\"caption\":\"Degr\u00e9 12 SPRL\"},\"image\":{\"@id\":\"https:\/\/degre12.com\/#\/schema\/logo\/image\/\"},\"sameAs\":[\"https:\/\/www.facebook.com\/Degre12\/\",\"https:\/\/www.linkedin.com\/company\/degr\u00e9-12-sprl\",\"https:\/\/uk.pinterest.com\/degre12\/\",\"https:\/\/www.youtube.com\/channel\/UCYDodkzqpuIIEJcSExk3eIg\"]}]}<\/script>\n<!-- \/ Yoast SEO plugin. -->","yoast_head_json":{"title":"Degr\u00e9 12 - Een nieuwe kijk op wijnkelder","description":"De wijnkelder van Degr\u00e9 12 is een harmonieuze en subtiele combinatie van design, technologie, kennis, innovatie en vakmanschap.","robots":{"index":"index","follow":"follow","max-snippet":"max-snippet:-1","max-image-preview":"max-image-preview:large","max-video-preview":"max-video-preview:-1"},"canonical":"https:\/\/degre12.com\/nl\/","og_locale":"nl_NL","og_type":"article","og_title":"Degr\u00e9 12 - Een nieuwe kijk op wijnkelder","og_description":"De wijnkelder van Degr\u00e9 12 is een harmonieuze en subtiele combinatie van design, technologie, kennis, innovatie en vakmanschap.","og_url":"https:\/\/degre12.com\/nl\/","og_site_name":"Degr\u00e9 12","article_publisher":"https:\/\/www.facebook.com\/Degre12\/","article_modified_time":"2024-02-29T14:38:11+00:00","twitter_misc":{"Geschatte leestijd":"2 minuten"},"schema":{"@context":"https:\/\/schema.org","@graph":[{"@type":"WebPage","@id":"https:\/\/degre12.com\/nl\/","url":"https:\/\/degre12.com\/nl\/","name":"Degr\u00e9 12 - Een nieuwe kijk op wijnkelder","isPartOf":{"@id":"https:\/\/degre12.com\/#website"},"datePublished":"2014-07-17T08:53:56+00:00","dateModified":"2024-02-29T14:38:11+00:00","description":"De wijnkelder van Degr\u00e9 12 is een harmonieuze en subtiele combinatie van design, technologie, kennis, innovatie en vakmanschap.","breadcrumb":{"@id":"https:\/\/degre12.com\/nl\/#breadcrumb"},"inLanguage":"nl","potentialAction":[{"@type":"ReadAction","target":["https:\/\/degre12.com\/nl\/"]}]},{"@type":"BreadcrumbList","@id":"https:\/\/degre12.com\/nl\/#breadcrumb","itemListElement":[{"@type":"ListItem","position":1,"name":"Accueil","item":"https:\/\/degre12.com\/nl\/"},{"@type":"ListItem","position":2,"name":"Home"}]},{"@type":"WebSite","@id":"https:\/\/degre12.com\/#website","url":"https:\/\/degre12.com\/","name":"Degr\u00e9 12","description":"Een nieuwe kijk op wijnkelders","publisher":{"@id":"https:\/\/degre12.com\/#organization"},"potentialAction":[{"@type":"SearchAction","target":{"@type":"EntryPoint","urlTemplate":"https:\/\/degre12.com\/?s={search_term_string}"},"query-input":"required name=search_term_string"}],"inLanguage":"nl"},{"@type":"Organization","@id":"https:\/\/degre12.com\/#organization","name":"Degr\u00e9 12 SPRL","url":"https:\/\/degre12.com\/","logo":{"@type":"ImageObject","inLanguage":"nl","@id":"https:\/\/degre12.com\/#\/schema\/logo\/image\/","url":"https:\/\/degre12.com\/wp-content\/uploads\/logo.png","contentUrl":"https:\/\/degre12.com\/wp-content\/uploads\/logo.png","width":85,"height":95,"caption":"Degr\u00e9 12 SPRL"},"image":{"@id":"https:\/\/degre12.com\/#\/schema\/logo\/image\/"},"sameAs":["https:\/\/www.facebook.com\/Degre12\/","https:\/\/www.linkedin.com\/company\/degr\u00e9-12-sprl","https:\/\/uk.pinterest.com\/degre12\/","https:\/\/www.youtube.com\/channel\/UCYDodkzqpuIIEJcSExk3eIg"]}]}},"_links":{"self":[{"href":"https:\/\/degre12.com\/nl\/wp-json\/wp\/v2\/pages\/745"}],"collection":[{"href":"https:\/\/degre12.com\/nl\/wp-json\/wp\/v2\/pages"}],"about":[{"href":"https:\/\/degre12.com\/nl\/wp-json\/wp\/v2\/types\/page"}],"author":[{"embeddable":true,"href":"https:\/\/degre12.com\/nl\/wp-json\/wp\/v2\/users\/3"}],"replies":[{"embeddable":true,"href":"https:\/\/degre12.com\/nl\/wp-json\/wp\/v2\/comments?post=745"}],"version-history":[{"count":33,"href":"https:\/\/degre12.com\/nl\/wp-json\/wp\/v2\/pages\/745\/revisions"}],"predecessor-version":[{"id":4328,"href":"https:\/\/degre12.com\/nl\/wp-json\/wp\/v2\/pages\/745\/revisions\/4328"}],"wp:attachment":[{"href":"https:\/\/degre12.com\/nl\/wp-json\/wp\/v2\/media?parent=745"}],"curies":[{"name":"wp","href":"https:\/\/api.w.org\/{rel}","templated":true}]}}